{"id":156,"date":"2021-04-20T13:19:49","date_gmt":"2021-04-20T13:19:49","guid":{"rendered":"https:\/\/aeonmedia.se\/?page_id=156"},"modified":"2022-10-13T12:24:15","modified_gmt":"2022-10-13T12:24:15","slug":"terms-and-conditions","status":"publish","type":"page","link":"https:\/\/aeonmedia.se\/en\/forsaljningsvillkor\/","title":{"rendered":"Terms and conditions of sale"},"content":{"rendered":"\t\t<div data-elementor-type=\"wp-page\" data-elementor-id=\"156\" class=\"elementor elementor-156\" data-elementor-post-type=\"page\">\n\t\t\t\t\t\t<section class=\"elementor-section elementor-top-section elementor-element elementor-element-2d303909 elementor-section-height-min-height elementor-section-boxed elementor-section-height-default elementor-section-items-middle\" data-id=\"2d303909\" data-element_type=\"section\" data-e-type=\"section\" data-settings=\"{&quot;background_background&quot;:&quot;gradient&quot;,&quot;shape_divider_bottom&quot;:&quot;waves&quot;}\">\n\t\t\t\t\t\t\t<div class=\"elementor-background-overlay\"><\/div>\n\t\t\t\t\t\t<div class=\"elementor-shape elementor-shape-bottom\" aria-hidden=\"true\" data-negative=\"false\">\n\t\t\t<svg xmlns=\"http:\/\/www.w3.org\/2000\/svg\" viewBox=\"0 0 1000 100\" preserveAspectRatio=\"none\">\n\t<path class=\"elementor-shape-fill\" d=\"M421.9,6.5c22.6-2.5,51.5,0.4,75.5,5.3c23.6,4.9,70.9,23.5,100.5,35.7c75.8,32.2,133.7,44.5,192.6,49.7\n\tc23.6,2.1,48.7,3.5,103.4-2.5c54.7-6,106.2-25.6,106.2-25.6V0H0v30.3c0,0,72,32.6,158.4,30.5c39.2-0.7,92.8-6.7,134-22.4\n\tc21.2-8.1,52.2-18.2,79.7-24.2C399.3,7.9,411.6,7.5,421.9,6.5z\"\/>\n<\/svg>\t\t<\/div>\n\t\t\t\t\t<div class=\"elementor-container elementor-column-gap-default\">\n\t\t\t\t\t<div class=\"elementor-column elementor-col-100 elementor-top-column elementor-element elementor-element-2c44e145\" data-id=\"2c44e145\" data-element_type=\"column\" data-e-type=\"column\">\n\t\t\t<div class=\"elementor-widget-wrap elementor-element-populated\">\n\t\t\t\t\t\t<div class=\"elementor-element elementor-element-43c6d04 elementor-widget elementor-widget-heading\" data-id=\"43c6d04\" data-element_type=\"widget\" data-e-type=\"widget\" data-widget_type=\"heading.default\">\n\t\t\t\t<div class=\"elementor-widget-container\">\n\t\t\t\t\t<h1 class=\"elementor-heading-title elementor-size-default\">F\u00f6rs\u00e4ljningsvillkor<\/h1>\t\t\t\t<\/div>\n\t\t\t\t<\/div>\n\t\t\t\t<div class=\"elementor-element elementor-element-4ebe4117 elementor-widget elementor-widget-heading\" data-id=\"4ebe4117\" data-element_type=\"widget\" data-e-type=\"widget\" data-widget_type=\"heading.default\">\n\t\t\t\t<div class=\"elementor-widget-container\">\n\t\t\t\t\t<h3 class=\"elementor-heading-title elementor-size-default\">Genom att godk\u00e4nna ett k\u00f6p fr\u00e5n Aeon Media AB och dess bifirmor och varum\u00e4rken godk\u00e4nner du och samtycker till f\u00f6ljande nedanst\u00e5ende f\u00f6rs\u00e4ljningsvillkor.<\/h3>\t\t\t\t<\/div>\n\t\t\t\t<\/div>\n\t\t\t\t<div class=\"elementor-element elementor-element-1c913bd0 elementor-widget__width-initial elementor-fixed elementor-widget elementor-widget-button\" data-id=\"1c913bd0\" data-element_type=\"widget\" data-e-type=\"widget\" data-settings=\"{&quot;_position&quot;:&quot;fixed&quot;}\" data-widget_type=\"button.default\">\n\t\t\t\t<div class=\"elementor-widget-container\">\n\t\t\t\t\t\t\t\t\t<div class=\"elementor-button-wrapper\">\n\t\t\t\t\t<a class=\"elementor-button elementor-button-link elementor-size-md\" href=\"#elementor-action%3Aaction%3Dpopup%3Aopen%26settings%3DeyJpZCI6IjMwNyIsInRvZ2dsZSI6ZmFsc2V9\">\n\t\t\t\t\t\t<span class=\"elementor-button-content-wrapper\">\n\t\t\t\t\t\t<span class=\"elementor-button-icon\">\n\t\t\t\t<i aria-hidden=\"true\" class=\"fas fa-envelope\"><\/i>\t\t\t<\/span>\n\t\t\t\t\t\t\t\t<\/span>\n\t\t\t\t\t<\/a>\n\t\t\t\t<\/div>\n\t\t\t\t\t\t\t\t<\/div>\n\t\t\t\t<\/div>\n\t\t\t\t\t<\/div>\n\t\t<\/div>\n\t\t\t\t\t<\/div>\n\t\t<\/section>\n\t\t\t\t<section class=\"elementor-section elementor-top-section elementor-element elementor-element-2da0389c elementor-section-boxed elementor-section-height-default elementor-section-height-default\" data-id=\"2da0389c\" data-element_type=\"section\" data-e-type=\"section\" data-settings=\"{&quot;background_background&quot;:&quot;classic&quot;}\">\n\t\t\t\t\t\t\t<div class=\"elementor-background-overlay\"><\/div>\n\t\t\t\t\t\t\t<div class=\"elementor-container elementor-column-gap-default\">\n\t\t\t\t\t<div class=\"elementor-column elementor-col-100 elementor-top-column elementor-element elementor-element-736b0883\" data-id=\"736b0883\" data-element_type=\"column\" data-e-type=\"column\">\n\t\t\t<div class=\"elementor-widget-wrap elementor-element-populated\">\n\t\t\t\t\t\t<section class=\"elementor-section elementor-inner-section elementor-element elementor-element-4442cfe8 elementor-reverse-tablet elementor-reverse-mobile elementor-section-boxed elementor-section-height-default elementor-section-height-default\" data-id=\"4442cfe8\" data-element_type=\"section\" data-e-type=\"section\">\n\t\t\t\t\t\t<div class=\"elementor-container elementor-column-gap-default\">\n\t\t\t\t\t<div class=\"elementor-column elementor-col-33 elementor-inner-column elementor-element elementor-element-2b35f7ba elementor-hidden-phone\" data-id=\"2b35f7ba\" data-element_type=\"column\" data-e-type=\"column\">\n\t\t\t<div class=\"elementor-widget-wrap elementor-element-populated\">\n\t\t\t\t\t\t<div class=\"elementor-element elementor-element-48712980 elementor-widget elementor-widget-image\" data-id=\"48712980\" data-element_type=\"widget\" data-e-type=\"widget\" data-settings=\"{&quot;motion_fx_motion_fx_scrolling&quot;:&quot;yes&quot;,&quot;motion_fx_translateY_effect&quot;:&quot;yes&quot;,&quot;motion_fx_translateY_speed&quot;:{&quot;unit&quot;:&quot;px&quot;,&quot;size&quot;:&quot;1&quot;,&quot;sizes&quot;:[]},&quot;motion_fx_translateY_affectedRange&quot;:{&quot;unit&quot;:&quot;%&quot;,&quot;size&quot;:&quot;&quot;,&quot;sizes&quot;:{&quot;start&quot;:0,&quot;end&quot;:100}},&quot;motion_fx_devices&quot;:[&quot;desktop&quot;,&quot;tablet&quot;,&quot;mobile&quot;]}\" data-widget_type=\"image.default\">\n\t\t\t\t<div class=\"elementor-widget-container\">\n\t\t\t\t\t\t\t\t\t\t\t\t\t\t\t<img fetchpriority=\"high\" decoding=\"async\" width=\"768\" height=\"1024\" src=\"https:\/\/aeonmedia.se\/wp-content\/uploads\/2021\/04\/pexels-sora-shimazaki-5668837-768x1024.jpg\" class=\"attachment-medium_large size-medium_large wp-image-189\" alt=\"\" srcset=\"https:\/\/aeonmedia.se\/wp-content\/uploads\/2021\/04\/pexels-sora-shimazaki-5668837-768x1024.jpg 768w, https:\/\/aeonmedia.se\/wp-content\/uploads\/2021\/04\/pexels-sora-shimazaki-5668837-225x300.jpg 225w, https:\/\/aeonmedia.se\/wp-content\/uploads\/2021\/04\/pexels-sora-shimazaki-5668837-1152x1536.jpg 1152w, https:\/\/aeonmedia.se\/wp-content\/uploads\/2021\/04\/pexels-sora-shimazaki-5668837-1536x2048.jpg 1536w, https:\/\/aeonmedia.se\/wp-content\/uploads\/2021\/04\/pexels-sora-shimazaki-5668837.jpg 1920w\" sizes=\"(max-width: 768px) 100vw, 768px\" \/>\t\t\t\t\t\t\t\t\t\t\t\t\t\t\t<\/div>\n\t\t\t\t<\/div>\n\t\t\t\t\t<\/div>\n\t\t<\/div>\n\t\t\t\t<div class=\"elementor-column elementor-col-33 elementor-inner-column elementor-element elementor-element-2b45bbcb\" data-id=\"2b45bbcb\" data-element_type=\"column\" data-e-type=\"column\">\n\t\t\t<div class=\"elementor-widget-wrap elementor-element-populated\">\n\t\t\t\t\t\t<div class=\"elementor-element elementor-element-68bd6937 elementor-widget elementor-widget-text-editor\" data-id=\"68bd6937\" data-element_type=\"widget\" data-e-type=\"widget\" data-widget_type=\"text-editor.default\">\n\t\t\t\t<div class=\"elementor-widget-container\">\n\t\t\t\t\t\t\t\t\t<p>Betalning sker i f\u00f6rskott till v\u00e5rt bankkonto\/giro. Vid betalning via Paypal betalar k\u00f6paren eventuella avgifter.<\/p><p>Godk\u00e4nd offert inneb\u00e4r att k\u00f6pet \u00e4r bindande och ingen \u00e5ngerr\u00e4tt kan medges.<\/p><p>\u00c4r en artikel\/annons publicerad erh\u00e5lls ingen r\u00e4tt till \u00e5terbetalning.<\/p><p>Alla artiklar\/annonser publiceras snarast efter betalning och meddelas till kunden.<\/p><p>Publicerade artiklar skall ligga publicerade i minst 12 m\u00e5nader om inte annat \u00f6verenskommits och s\u00e5 l\u00e4nge de inte bryter eller riskerar bryta mot n\u00e5gon befintlig eller framtida lagstiftning.<\/p><p>Om sajten d\u00e4r artikeln \u00e4r publicerad p\u00e5 grund av tredje part blir otillg\u00e4nglig eller drabbas av problem som ligger utanf\u00f6r sajt\u00e4garens kontroll f\u00f6religger ingen \u00e5terbetalningsr\u00e4tt.<\/p><p>Vi reserverar oss f\u00f6r r\u00e4tten att l\u00e4gga till en annonsm\u00e4rkning eller g\u00f6ra andra \u00e4ndringar i artikeln med h\u00e4nvisning till lagstiftning eller andra sk\u00e4l som vi finner sk\u00e4liga.<\/p><p>Annonser som g\u00f6r reklam f\u00f6r eller inneh\u00e5ller l\u00e4nkar till sex\/dating eller andra obskyra sajter \u00e4r inte till\u00e5tna.<\/p>\t\t\t\t\t\t\t\t<\/div>\n\t\t\t\t<\/div>\n\t\t\t\t<div class=\"elementor-element elementor-element-97f3b6d elementor-hidden-desktop elementor-hidden-tablet elementor-widget elementor-widget-text-editor\" data-id=\"97f3b6d\" data-element_type=\"widget\" data-e-type=\"widget\" data-widget_type=\"text-editor.default\">\n\t\t\t\t<div class=\"elementor-widget-container\">\n\t\t\t\t\t\t\t\t\t<p>Vi reserverar oss f\u00f6r felskrivningar.<\/p><p>\u00a0<\/p><p><em>Senast uppdaterat 2021-11-30<\/em><\/p>\t\t\t\t\t\t\t\t<\/div>\n\t\t\t\t<\/div>\n\t\t\t\t\t<\/div>\n\t\t<\/div>\n\t\t\t\t<div class=\"elementor-column elementor-col-33 elementor-inner-column elementor-element elementor-element-36895ac5\" data-id=\"36895ac5\" data-element_type=\"column\" data-e-type=\"column\">\n\t\t\t<div class=\"elementor-widget-wrap elementor-element-populated\">\n\t\t\t\t\t\t<div class=\"elementor-element elementor-element-5d7fff3a elementor-widget elementor-widget-text-editor\" data-id=\"5d7fff3a\" data-element_type=\"widget\" data-e-type=\"widget\" data-widget_type=\"text-editor.default\">\n\t\t\t\t<div class=\"elementor-widget-container\">\n\t\t\t\t\t\t\t\t\t<p>Priser anges exklusive moms och kan \u00e4ndras utan f\u00f6reg\u00e5ende avisering.<\/p><p>Felaktigheter i en faktura eller fr\u00e5n Aeon Media AB m\u00e5ste reklameras senast p\u00e5 f\u00f6rfallodagen. Om reklamation inte gjorts i tid kan felaktigheten inte g\u00f6ras g\u00e4llande mot Aeon Media AB.<\/p><p>Vid f\u00f6rsenad betalning har Aeon Media AB r\u00e4tt att ta ut dr\u00f6jsm\u00e5lsr\u00e4nta enligt r\u00e4ntelagen samt lagstadgad p\u00e5minnelseavgift och inkassoavgift, innefattande indrivningskostnader.<\/p><p>F\u00f6religger fel i tj\u00e4nsten som Aeon Media AB ansvarar f\u00f6r \u00e5tar sig Aeon Media AB att, efter eget val, avhj\u00e4lpa felet f\u00f6rutsatt att reklamationen har skett i enlighet med vad som anges i dessa f\u00f6rs\u00e4ljningsvillkor.<\/p><p>Aeon Media AB f\u00f6rbeh\u00e5ller sig r\u00e4tten att n\u00e4r som helst \u00e4ndra dessa f\u00f6rs\u00e4ljningsvillkor.<\/p>\t\t\t\t\t\t\t\t<\/div>\n\t\t\t\t<\/div>\n\t\t\t\t<div class=\"elementor-element elementor-element-5ff7972f elementor-widget elementor-widget-text-editor\" data-id=\"5ff7972f\" data-element_type=\"widget\" data-e-type=\"widget\" data-widget_type=\"text-editor.default\">\n\t\t\t\t<div class=\"elementor-widget-container\">\n\t\t\t\t\t\t\t\t\t<p>Vi reserverar oss f\u00f6r felskrivningar.<\/p><p>\u00a0<\/p><p><em>Senast uppdaterat 2021-11-30<\/em><\/p>\t\t\t\t\t\t\t\t<\/div>\n\t\t\t\t<\/div>\n\t\t\t\t<div class=\"elementor-element elementor-element-b3d7973 elementor-widget elementor-widget-menu-anchor\" data-id=\"b3d7973\" data-element_type=\"widget\" data-e-type=\"widget\" data-widget_type=\"menu-anchor.default\">\n\t\t\t\t<div class=\"elementor-widget-container\">\n\t\t\t\t\t\t\t<div class=\"elementor-menu-anchor\" id=\"terms-of-sale\"><\/div>\n\t\t\t\t\t\t<\/div>\n\t\t\t\t<\/div>\n\t\t\t\t\t<\/div>\n\t\t<\/div>\n\t\t\t\t\t<\/div>\n\t\t<\/section>\n\t\t\t\t\t<\/div>\n\t\t<\/div>\n\t\t\t\t\t<\/div>\n\t\t<\/section>\n\t\t\t\t<section class=\"elementor-section elementor-top-section elementor-element elementor-element-f4e0e7a elementor-section-boxed elementor-section-height-default elementor-section-height-default\" data-id=\"f4e0e7a\" data-element_type=\"section\" data-e-type=\"section\">\n\t\t\t\t\t\t<div class=\"elementor-container elementor-column-gap-default\">\n\t\t\t\t\t<div class=\"elementor-column elementor-col-100 elementor-top-column elementor-element elementor-element-4334b1c\" data-id=\"4334b1c\" data-element_type=\"column\" data-e-type=\"column\">\n\t\t\t<div class=\"elementor-widget-wrap elementor-element-populated\">\n\t\t\t\t\t\t<div class=\"elementor-element elementor-element-6a95fe4 elementor-widget-divider--view-line elementor-widget elementor-widget-divider\" data-id=\"6a95fe4\" data-element_type=\"widget\" data-e-type=\"widget\" data-widget_type=\"divider.default\">\n\t\t\t\t<div class=\"elementor-widget-container\">\n\t\t\t\t\t\t\t<div class=\"elementor-divider\">\n\t\t\t<span class=\"elementor-divider-separator\">\n\t\t\t\t\t\t<\/span>\n\t\t<\/div>\n\t\t\t\t\t\t<\/div>\n\t\t\t\t<\/div>\n\t\t\t\t<div class=\"elementor-element elementor-element-7ef453f elementor-widget elementor-widget-heading\" data-id=\"7ef453f\" data-element_type=\"widget\" data-e-type=\"widget\" data-widget_type=\"heading.default\">\n\t\t\t\t<div class=\"elementor-widget-container\">\n\t\t\t\t\t<h2 class=\"elementor-heading-title elementor-size-default\">Terms of sale<\/h2>\t\t\t\t<\/div>\n\t\t\t\t<\/div>\n\t\t\t\t<div class=\"elementor-element elementor-element-6e63bff elementor-widget elementor-widget-text-editor\" data-id=\"6e63bff\" data-element_type=\"widget\" data-e-type=\"widget\" data-widget_type=\"text-editor.default\">\n\t\t\t\t<div class=\"elementor-widget-container\">\n\t\t\t\t\t\t\t\t\t<p>By approving a purchase from Aeon Media AB and its subsidiaries and trademarks, you approve and agree to the following terms of sale below.<\/p>\t\t\t\t\t\t\t\t<\/div>\n\t\t\t\t<\/div>\n\t\t\t\t\t<\/div>\n\t\t<\/div>\n\t\t\t\t\t<\/div>\n\t\t<\/section>\n\t\t\t\t<section class=\"elementor-section elementor-top-section elementor-element elementor-element-c2e4dbf elementor-section-boxed elementor-section-height-default elementor-section-height-default\" data-id=\"c2e4dbf\" data-element_type=\"section\" data-e-type=\"section\" data-settings=\"{&quot;background_background&quot;:&quot;classic&quot;}\">\n\t\t\t\t\t\t\t<div class=\"elementor-background-overlay\"><\/div>\n\t\t\t\t\t\t\t<div class=\"elementor-container elementor-column-gap-default\">\n\t\t\t\t\t<div class=\"elementor-column elementor-col-100 elementor-top-column elementor-element elementor-element-13fc2a5\" data-id=\"13fc2a5\" data-element_type=\"column\" data-e-type=\"column\">\n\t\t\t<div class=\"elementor-widget-wrap elementor-element-populated\">\n\t\t\t\t\t\t<section class=\"elementor-section elementor-inner-section elementor-element elementor-element-47875d4 elementor-reverse-tablet elementor-reverse-mobile elementor-section-boxed elementor-section-height-default elementor-section-height-default\" data-id=\"47875d4\" data-element_type=\"section\" data-e-type=\"section\">\n\t\t\t\t\t\t<div class=\"elementor-container elementor-column-gap-default\">\n\t\t\t\t\t<div class=\"elementor-column elementor-col-33 elementor-inner-column elementor-element elementor-element-480f99f\" data-id=\"480f99f\" data-element_type=\"column\" data-e-type=\"column\">\n\t\t\t<div class=\"elementor-widget-wrap elementor-element-populated\">\n\t\t\t\t\t\t<div class=\"elementor-element elementor-element-1319c5c elementor-widget elementor-widget-text-editor\" data-id=\"1319c5c\" data-element_type=\"widget\" data-e-type=\"widget\" data-widget_type=\"text-editor.default\">\n\t\t\t\t<div class=\"elementor-widget-container\">\n\t\t\t\t\t\t\t\t\t<p>Payment is made in advance to our bank account \/ giro. When paying via Paypal, the buyer pays any fees.<\/p><p>An approved quote means that the purchase is binding and no right of withdrawal can be granted.<\/p><p>If an article \/ advertisement is published, no right to a refund is received.<\/p><p>All articles \/ advertisements are published as soon as possible after payment and notified to the customer.<\/p><p>Published articles must be published for at least 12 months unless otherwise agreed and as long as they do not violate or risk violating any existing or future legislation.<\/p><p>If the site where the article is published due to third parties becomes inaccessible or suffers from problems that are beyond the site owner&#8217;s control, there is no right of refund.<\/p><p>We reserve the right to add an ad tag or make other changes to the article with reference to legislation or other reasons that we deem reasonable.<\/p><p>Ads that advertise or contain links to sex \/ dating or other obscure sites are not permitted.<\/p>\t\t\t\t\t\t\t\t<\/div>\n\t\t\t\t<\/div>\n\t\t\t\t<div class=\"elementor-element elementor-element-d00be85 elementor-hidden-desktop elementor-hidden-tablet elementor-widget elementor-widget-text-editor\" data-id=\"d00be85\" data-element_type=\"widget\" data-e-type=\"widget\" data-widget_type=\"text-editor.default\">\n\t\t\t\t<div class=\"elementor-widget-container\">\n\t\t\t\t\t\t\t\t\t<p>We reserve the right to make typos.<\/p><p>\u00a0<\/p><p><em>Last updated 2021-11-30<\/em><\/p>\t\t\t\t\t\t\t\t<\/div>\n\t\t\t\t<\/div>\n\t\t\t\t\t<\/div>\n\t\t<\/div>\n\t\t\t\t<div class=\"elementor-column elementor-col-33 elementor-inner-column elementor-element elementor-element-b6f4b5b\" data-id=\"b6f4b5b\" data-element_type=\"column\" data-e-type=\"column\">\n\t\t\t<div class=\"elementor-widget-wrap elementor-element-populated\">\n\t\t\t\t\t\t<div class=\"elementor-element elementor-element-0b5d137 elementor-widget elementor-widget-text-editor\" data-id=\"0b5d137\" data-element_type=\"widget\" data-e-type=\"widget\" data-widget_type=\"text-editor.default\">\n\t\t\t\t<div class=\"elementor-widget-container\">\n\t\t\t\t\t\t\t\t\t<p>Prices are stated excluding VAT and are subject to change without prior notice.<\/p><p>Errors in an invoice or from Aeon Media AB must be reported no later than the due date. If the complaint is not made in time, the error cannot be claimed against Aeon Media AB.<\/p><p>In the event of late payment, Aeon Media AB has the right to charge default interest in accordance with the Swedish Interest Act, as well as the statutory reminder fee and collection fee, including collection costs.<\/p><p>If there are errors in the service for which Aeon Media AB is responsible, Aeon Media AB undertakes, at its own choice, to remedy the error provided that the complaint has been made in accordance with what is stated in these terms of sale.<\/p><p>Aeon Media AB reserves the right to change these terms of sale at any time.<\/p>\t\t\t\t\t\t\t\t<\/div>\n\t\t\t\t<\/div>\n\t\t\t\t<div class=\"elementor-element elementor-element-3d4cb52 elementor-widget elementor-widget-text-editor\" data-id=\"3d4cb52\" data-element_type=\"widget\" data-e-type=\"widget\" data-widget_type=\"text-editor.default\">\n\t\t\t\t<div class=\"elementor-widget-container\">\n\t\t\t\t\t\t\t\t\t<p>We reserve the right to make typos.<\/p><p>\u00a0<\/p><p><em>Last updated 2021-11-30<\/em><\/p>\t\t\t\t\t\t\t\t<\/div>\n\t\t\t\t<\/div>\n\t\t\t\t\t<\/div>\n\t\t<\/div>\n\t\t\t\t<div class=\"elementor-column elementor-col-33 elementor-inner-column elementor-element elementor-element-1a20264 elementor-hidden-phone\" data-id=\"1a20264\" data-element_type=\"column\" data-e-type=\"column\">\n\t\t\t<div class=\"elementor-widget-wrap elementor-element-populated\">\n\t\t\t\t\t\t<div class=\"elementor-element elementor-element-365165f elementor-widget elementor-widget-image\" data-id=\"365165f\" data-element_type=\"widget\" data-e-type=\"widget\" data-settings=\"{&quot;motion_fx_motion_fx_scrolling&quot;:&quot;yes&quot;,&quot;motion_fx_translateY_effect&quot;:&quot;yes&quot;,&quot;motion_fx_translateY_speed&quot;:{&quot;unit&quot;:&quot;px&quot;,&quot;size&quot;:&quot;1&quot;,&quot;sizes&quot;:[]},&quot;motion_fx_translateY_affectedRange&quot;:{&quot;unit&quot;:&quot;%&quot;,&quot;size&quot;:&quot;&quot;,&quot;sizes&quot;:{&quot;start&quot;:0,&quot;end&quot;:100}},&quot;motion_fx_devices&quot;:[&quot;desktop&quot;,&quot;tablet&quot;,&quot;mobile&quot;]}\" data-widget_type=\"image.default\">\n\t\t\t\t<div class=\"elementor-widget-container\">\n\t\t\t\t\t\t\t\t\t\t\t\t\t\t\t<img decoding=\"async\" width=\"768\" height=\"576\" src=\"https:\/\/aeonmedia.se\/wp-content\/uploads\/2021\/04\/pexels-pixabay-261621-768x576.jpg\" class=\"attachment-medium_large size-medium_large wp-image-188\" alt=\"\" srcset=\"https:\/\/aeonmedia.se\/wp-content\/uploads\/2021\/04\/pexels-pixabay-261621-768x576.jpg 768w, https:\/\/aeonmedia.se\/wp-content\/uploads\/2021\/04\/pexels-pixabay-261621-300x225.jpg 300w, https:\/\/aeonmedia.se\/wp-content\/uploads\/2021\/04\/pexels-pixabay-261621-1024x768.jpg 1024w, https:\/\/aeonmedia.se\/wp-content\/uploads\/2021\/04\/pexels-pixabay-261621-1536x1152.jpg 1536w, https:\/\/aeonmedia.se\/wp-content\/uploads\/2021\/04\/pexels-pixabay-261621.jpg 1920w\" sizes=\"(max-width: 768px) 100vw, 768px\" \/>\t\t\t\t\t\t\t\t\t\t\t\t\t\t\t<\/div>\n\t\t\t\t<\/div>\n\t\t\t\t\t<\/div>\n\t\t<\/div>\n\t\t\t\t\t<\/div>\n\t\t<\/section>\n\t\t\t\t\t<\/div>\n\t\t<\/div>\n\t\t\t\t\t<\/div>\n\t\t<\/section>\n\t\t\t\t<\/div>\n\t\t","protected":false},"excerpt":{"rendered":"<p>F\u00f6rs\u00e4ljningsvillkor Genom att godk\u00e4nna ett k\u00f6p fr\u00e5n Aeon Media AB och dess bifirmor och varum\u00e4rken godk\u00e4nner du och samtycker till f\u00f6ljande nedanst\u00e5ende f\u00f6rs\u00e4ljningsvillkor. Betalning sker i f\u00f6rskott till v\u00e5rt bankkonto\/giro. Vid betalning via Paypal betalar k\u00f6paren eventuella avgifter. Godk\u00e4nd offert inneb\u00e4r att k\u00f6pet \u00e4r bindande och ingen \u00e5ngerr\u00e4tt kan medges. \u00c4r en artikel\/annons publicerad erh\u00e5lls [&hellip;]<\/p>\n","protected":false},"author":1,"featured_media":0,"parent":0,"menu_order":0,"comment_status":"closed","ping_status":"closed","template":"elementor_header_footer","meta":{"footnotes":""},"class_list":["post-156","page","type-page","status-publish","hentry"],"_links":{"self":[{"href":"https:\/\/aeonmedia.se\/en\/wp-json\/wp\/v2\/pages\/156","targetHints":{"allow":["GET"]}}],"collection":[{"href":"https:\/\/aeonmedia.se\/en\/wp-json\/wp\/v2\/pages"}],"about":[{"href":"https:\/\/aeonmedia.se\/en\/wp-json\/wp\/v2\/types\/page"}],"author":[{"embeddable":true,"href":"https:\/\/aeonmedia.se\/en\/wp-json\/wp\/v2\/users\/1"}],"replies":[{"embeddable":true,"href":"https:\/\/aeonmedia.se\/en\/wp-json\/wp\/v2\/comments?post=156"}],"version-history":[{"count":91,"href":"https:\/\/aeonmedia.se\/en\/wp-json\/wp\/v2\/pages\/156\/revisions"}],"predecessor-version":[{"id":568,"href":"https:\/\/aeonmedia.se\/en\/wp-json\/wp\/v2\/pages\/156\/revisions\/568"}],"wp:attachment":[{"href":"https:\/\/aeonmedia.se\/en\/wp-json\/wp\/v2\/media?parent=156"}],"curies":[{"name":"wp","href":"https:\/\/api.w.org\/{rel}","templated":true}]}}