{"id":3,"date":"2020-12-09T21:50:56","date_gmt":"2020-12-09T21:50:56","guid":{"rendered":"http:\/\/aeonmedia.se\/?page_id=3"},"modified":"2021-04-28T08:17:19","modified_gmt":"2021-04-28T08:17:19","slug":"privacy-policy","status":"publish","type":"page","link":"https:\/\/aeonmedia.se\/en\/integritetspolicy\/","title":{"rendered":"Privacy policy"},"content":{"rendered":"<div data-elementor-type=\"wp-page\" data-elementor-id=\"3\" class=\"elementor elementor-3\" data-elementor-post-type=\"page\">\n\t\t\t\t\t\t<section class=\"elementor-section elementor-top-section elementor-element elementor-element-380db64 elementor-section-height-min-height elementor-section-boxed elementor-section-height-default elementor-section-items-middle\" data-id=\"380db64\" data-element_type=\"section\" data-e-type=\"section\" data-settings=\"{&quot;background_background&quot;:&quot;gradient&quot;,&quot;shape_divider_bottom&quot;:&quot;waves&quot;}\">\n\t\t\t\t\t\t\t<div class=\"elementor-background-overlay\"><\/div>\n\t\t\t\t\t\t<div class=\"elementor-shape elementor-shape-bottom\" aria-hidden=\"true\" data-negative=\"false\">\n\t\t\t<svg xmlns=\"http:\/\/www.w3.org\/2000\/svg\" viewbox=\"0 0 1000 100\" preserveaspectratio=\"none\">\n\t<path class=\"elementor-shape-fill\" d=\"M421.9,6.5c22.6-2.5,51.5,0.4,75.5,5.3c23.6,4.9,70.9,23.5,100.5,35.7c75.8,32.2,133.7,44.5,192.6,49.7\tc23.6,2.1,48.7,3.5,103.4-2.5c54.7-6,106.2-25.6,106.2-25.6V0H0v30.3c0,0,72,32.6,158.4,30.5c39.2-0.7,92.8-6.7,134-22.4\tc21.2-8.1,52.2-18.2,79.7-24.2C399.3,7.9,411.6,7.5,421.9,6.5z\"\/>\n<\/svg>\t\t<\/div>\n\t\t\t\t\t<div class=\"elementor-container elementor-column-gap-default\">\n\t\t\t\t\t<div class=\"elementor-column elementor-col-100 elementor-top-column elementor-element elementor-element-22402d1\" data-id=\"22402d1\" data-element_type=\"column\" data-e-type=\"column\">\n\t\t\t<div class=\"elementor-widget-wrap elementor-element-populated\">\n\t\t\t\t\t\t<div class=\"elementor-element elementor-element-4c6298a elementor-widget elementor-widget-heading\" data-id=\"4c6298a\" data-element_type=\"widget\" data-e-type=\"widget\" data-widget_type=\"heading.default\">\n\t\t\t\t<div class=\"elementor-widget-container\">\n\t\t\t\t\t<h1 class=\"elementor-heading-title elementor-size-default\">Privacy policy<\/h1>\t\t\t\t<\/div>\n\t\t\t\t<\/div>\n\t\t\t\t<div class=\"elementor-element elementor-element-fc5b0b1 elementor-widget__width-initial elementor-fixed elementor-widget elementor-widget-button\" data-id=\"fc5b0b1\" data-element_type=\"widget\" data-e-type=\"widget\" data-settings=\"{&quot;_position&quot;:&quot;fixed&quot;}\" data-widget_type=\"button.default\">\n\t\t\t\t<div class=\"elementor-widget-container\">\n\t\t\t\t\t\t\t\t\t<div class=\"elementor-button-wrapper\">\n\t\t\t\t\t<a class=\"elementor-button elementor-button-link elementor-size-md\" href=\"#elementor-action%3Aaction%3Dpopup%3Aopen%26settings%3DeyJpZCI6IjMwNyIsInRvZ2dsZSI6ZmFsc2V9\">\n\t\t\t\t\t\t<span class=\"elementor-button-content-wrapper\">\n\t\t\t\t\t\t<span class=\"elementor-button-icon\">\n\t\t\t\t<i aria-hidden=\"true\" class=\"fas fa-envelope\"><\/i>\t\t\t<\/span>\n\t\t\t\t\t\t\t\t<\/span>\n\t\t\t\t\t<\/a>\n\t\t\t\t<\/div>\n\t\t\t\t\t\t\t\t<\/div>\n\t\t\t\t<\/div>\n\t\t\t\t\t<\/div>\n\t\t<\/div>\n\t\t\t\t\t<\/div>\n\t\t<\/section>\n\t\t\t\t<section class=\"elementor-section elementor-top-section elementor-element elementor-element-8f7170e elementor-section-boxed elementor-section-height-default elementor-section-height-default\" data-id=\"8f7170e\" data-element_type=\"section\" data-e-type=\"section\">\n\t\t\t\t\t\t<div class=\"elementor-container elementor-column-gap-default\">\n\t\t\t\t\t<div class=\"elementor-column elementor-col-100 elementor-top-column elementor-element elementor-element-098bf64\" data-id=\"098bf64\" data-element_type=\"column\" data-e-type=\"column\">\n\t\t\t<div class=\"elementor-widget-wrap elementor-element-populated\">\n\t\t\t\t\t\t<div class=\"elementor-element elementor-element-4220b43 elementor-widget elementor-widget-text-editor\" data-id=\"4220b43\" data-element_type=\"widget\" data-e-type=\"widget\" data-widget_type=\"text-editor.default\">\n\t\t\t\t<div class=\"elementor-widget-container\">\n\t\t\t\t\t\t\t\t\t<h2>Who we are<\/h2><p>Aeon Media is operated by the company Aeon Media AB, 559287-6063, with its registered office in Avesta. Our website address is: https:\/\/aeonmedia.se.<\/p><h2>\u00a0<\/h2><h2>What personal data we collect and why we collect it<\/h2><p>\u00a0<\/p><h3>Newsletters<\/h3><p>Aeon Media provides newsletters and other mailings via email. We use Mailchimp as our provider. Mailchimp stores and provides e-mail addresses of subscribers, but sometimes also other information such as first and last names of recipients of our newsletter. At the bottom of each newsletter, you can always unsubscribe from future mailings. You can also change your details via the link. Read more about MailChimp and its privacy policy <a href=\"https:\/\/mailchimp.com\/legal\/privacy\/\" target=\"_blank\" rel=\"noopener noreferrer\">here<\/a>.<\/p><h3>Visitor statistics and other tools<\/h3><p>Aeon Media uses the Google Analytics service which collects visitor statistics via cookies. You can read Google's privacy policy <a href=\"https:\/\/policies.google.com\/privacy\" target=\"_blank\" rel=\"noopener noreferrer\">here<\/a>. Aeon Media uses this data to measure, analyse and improve the user experience on the site.<\/p><h3>Media<\/h3><p>If you upload images to the website, you should avoid uploading images where the EXIF data includes GPS localisation data. Visitors to the website can download and retrieve all positioning data from images on the website.<\/p><h3>Contact form<\/h3><p>When you contact us or submit information via the contact forms on aeonmedia.com, it is sent to our email server.<\/p><h3>Cookie files<\/h3><p>If you leave a comment on our website, you can choose to save your name, email address and website address in cookie files. This is for your convenience so that you do not have to fill in this information again the next time you post a comment. These cookie files are valid for one year.<\/p><p>If you have an account and log in to this website, we will create a temporary cookie file to check whether your browser accepts cookie files. This cookie file contains no personally identifiable information and disappears when you close your browser.<\/p><p>In addition, when you log in, we will create several cookie files to store information about your login and your screen layout choices. Login cookies are valid for two days and layout selection cookies are valid for one year. If you tick the \"Remember me\" box, your cookie will remain for two weeks. If you log out of your account, the login cookies will be deleted.<\/p><p>If you edit or publish an article, an additional cookie file will be saved in your browser. This cookie file does not contain any personal data, but only indicates the post ID of the article you just edited. It is valid for 1 day.<\/p><h3>Embedded content from other websites<\/h3><p>Articles on this website may contain embedded content (e.g. videos, images, articles, etc.). Embedded content from other websites behaves in exactly the same way as if the visitor has visited the other website.<\/p><p>These websites may collect data about you, use cookie files, embed additional third-party tracking, and monitor your interaction with said embedded content, including tracking your interaction with this embedded content if you have an account and are logged into the website in question.<\/p><h3>Customer data for invoicing<\/h3><p>In connection with the completion of the job, we send an invoice. Usually this is done by e-mail to the address you as a customer have given us. This e-mail address may be used when we need to inform you as a customer about changes in agreements, prices and other things, as well as about offers and promotions.<\/p><h2>How long we keep your data<\/h2><p>If you post a comment, the comment and its metadata will be saved indefinitely. The reason for this is that we need to be able to find and approve follow-up comments automatically and not queue them for review.<\/p><p>For users who register on your website (if any), we also store the personal data they provide in their user profile. All users can view, edit or delete their personal data at any time (with the exception that they cannot change their username). Site administrators can also view and edit this information.<\/p><h2>What rights you have over your data<\/h2><p>If you have an account or have posted any comments on this website, you can request an export file of the personal data we hold about you, including any data you have provided to us. You can also request that we delete any personal data we hold about you. This does not include any data that we are obliged to keep for administrative, legal or security purposes.<\/p><h2>Where we send your data<\/h2><p>Comments from visitors may be checked via an automated spam detection service.<\/p><h2>Contact and questions<\/h2><p>If you have any questions about our privacy policy or how we handle personal data, please contact us via <a href=\"\/en\/&\/#x6d;&#x61;&#x69;&#x6c;&#116;&#111;:in&#x66;&#x6f;&#x40;&#x61;&#101;&#111;nme&#x64;&#x69;&#x61;&#x2e;&#115;&#101;\">info@aeonmedia.se<\/a>.<\/p>\t\t\t\t\t\t\t\t<\/div>\n\t\t\t\t<\/div>\n\t\t\t\t\t<\/div>\n\t\t<\/div>\n\t\t\t\t\t<\/div>\n\t\t<\/section>\n\t\t\t\t<\/div>","protected":false},"excerpt":{"rendered":"<p>Integritetspolicy Vilka vi \u00e4r Aeon Media drivs av bolaget\u00a0 Aeon Media AB, 559287-6063, med s\u00e4te i Avesta. V\u00e5r webbplatsadress \u00e4r: https:\/\/aeonmedia.se. \u00a0 Vilka personuppgifter vi samlar in och varf\u00f6r vi samlar in dem \u00a0 Nyhetsbrev Aeon Media tillhandah\u00e5ller nyhetsbrev och andra utskick via e-post. Vi anv\u00e4nder oss av MailChimp som leverant\u00f6r. Mailchimp lagrar och tillhandah\u00e5ller [&hellip;]<\/p>\n","protected":false},"author":1,"featured_media":0,"parent":0,"menu_order":0,"comment_status":"closed","ping_status":"open","template":"elementor_header_footer","meta":{"footnotes":""},"class_list":["post-3","page","type-page","status-publish","hentry"],"_links":{"self":[{"href":"https:\/\/aeonmedia.se\/en\/wp-json\/wp\/v2\/pages\/3","targetHints":{"allow":["GET"]}}],"collection":[{"href":"https:\/\/aeonmedia.se\/en\/wp-json\/wp\/v2\/pages"}],"about":[{"href":"https:\/\/aeonmedia.se\/en\/wp-json\/wp\/v2\/types\/page"}],"author":[{"embeddable":true,"href":"https:\/\/aeonmedia.se\/en\/wp-json\/wp\/v2\/users\/1"}],"replies":[{"embeddable":true,"href":"https:\/\/aeonmedia.se\/en\/wp-json\/wp\/v2\/comments?post=3"}],"version-history":[{"count":19,"href":"https:\/\/aeonmedia.se\/en\/wp-json\/wp\/v2\/pages\/3\/revisions"}],"predecessor-version":[{"id":433,"href":"https:\/\/aeonmedia.se\/en\/wp-json\/wp\/v2\/pages\/3\/revisions\/433"}],"wp:attachment":[{"href":"https:\/\/aeonmedia.se\/en\/wp-json\/wp\/v2\/media?parent=3"}],"curies":[{"name":"wp","href":"https:\/\/api.w.org\/{rel}","templated":true}]}}