{"id":615,"date":"2024-01-01T11:35:02","date_gmt":"2024-01-01T11:35:02","guid":{"rendered":"https:\/\/aeonmedia.se\/?page_id=615"},"modified":"2024-01-01T11:38:48","modified_gmt":"2024-01-01T11:38:48","slug":"license","status":"publish","type":"page","link":"https:\/\/aeonmedia.se\/en\/aeon-news\/licens\/","title":{"rendered":"Licence"},"content":{"rendered":"\t\t<div data-elementor-type=\"wp-page\" data-elementor-id=\"615\" class=\"elementor elementor-615\" data-elementor-post-type=\"page\">\n\t\t\t\t\t\t<section class=\"elementor-section elementor-top-section elementor-element elementor-element-2d303909 elementor-section-height-min-height elementor-section-boxed elementor-section-height-default elementor-section-items-middle\" data-id=\"2d303909\" data-element_type=\"section\" data-e-type=\"section\" data-settings=\"{&quot;background_background&quot;:&quot;gradient&quot;,&quot;shape_divider_bottom&quot;:&quot;waves&quot;}\">\n\t\t\t\t\t\t\t<div class=\"elementor-background-overlay\"><\/div>\n\t\t\t\t\t\t<div class=\"elementor-shape elementor-shape-bottom\" aria-hidden=\"true\" data-negative=\"false\">\n\t\t\t<svg xmlns=\"http:\/\/www.w3.org\/2000\/svg\" viewBox=\"0 0 1000 100\" preserveAspectRatio=\"none\">\n\t<path class=\"elementor-shape-fill\" d=\"M421.9,6.5c22.6-2.5,51.5,0.4,75.5,5.3c23.6,4.9,70.9,23.5,100.5,35.7c75.8,32.2,133.7,44.5,192.6,49.7\n\tc23.6,2.1,48.7,3.5,103.4-2.5c54.7-6,106.2-25.6,106.2-25.6V0H0v30.3c0,0,72,32.6,158.4,30.5c39.2-0.7,92.8-6.7,134-22.4\n\tc21.2-8.1,52.2-18.2,79.7-24.2C399.3,7.9,411.6,7.5,421.9,6.5z\"\/>\n<\/svg>\t\t<\/div>\n\t\t\t\t\t<div class=\"elementor-container elementor-column-gap-default\">\n\t\t\t\t\t<div class=\"elementor-column elementor-col-100 elementor-top-column elementor-element elementor-element-2c44e145\" data-id=\"2c44e145\" data-element_type=\"column\" data-e-type=\"column\">\n\t\t\t<div class=\"elementor-widget-wrap elementor-element-populated\">\n\t\t\t\t\t\t<div class=\"elementor-element elementor-element-43c6d04 elementor-widget elementor-widget-heading\" data-id=\"43c6d04\" data-element_type=\"widget\" data-e-type=\"widget\" data-widget_type=\"heading.default\">\n\t\t\t\t<div class=\"elementor-widget-container\">\n\t\t\t\t\t<h1 class=\"elementor-heading-title elementor-size-default\">Licens<\/h1>\t\t\t\t<\/div>\n\t\t\t\t<\/div>\n\t\t\t\t<div class=\"elementor-element elementor-element-4ebe4117 elementor-widget elementor-widget-heading\" data-id=\"4ebe4117\" data-element_type=\"widget\" data-e-type=\"widget\" data-widget_type=\"heading.default\">\n\t\t\t\t<div class=\"elementor-widget-container\">\n\t\t\t\t\t<h3 class=\"elementor-heading-title elementor-size-default\">Nedan licens som g\u00e4ller vid k\u00f6p eller nyttjande av v\u00e5ra produkter.<\/h3>\t\t\t\t<\/div>\n\t\t\t\t<\/div>\n\t\t\t\t<div class=\"elementor-element elementor-element-1c913bd0 elementor-widget__width-initial elementor-fixed elementor-widget elementor-widget-button\" data-id=\"1c913bd0\" data-element_type=\"widget\" data-e-type=\"widget\" data-settings=\"{&quot;_position&quot;:&quot;fixed&quot;}\" data-widget_type=\"button.default\">\n\t\t\t\t<div class=\"elementor-widget-container\">\n\t\t\t\t\t\t\t\t\t<div class=\"elementor-button-wrapper\">\n\t\t\t\t\t<a class=\"elementor-button elementor-button-link elementor-size-md\" href=\"#elementor-action%3Aaction%3Dpopup%3Aopen%26settings%3DeyJpZCI6IjMwNyIsInRvZ2dsZSI6ZmFsc2V9\">\n\t\t\t\t\t\t<span class=\"elementor-button-content-wrapper\">\n\t\t\t\t\t\t<span class=\"elementor-button-icon\">\n\t\t\t\t<i aria-hidden=\"true\" class=\"fas fa-envelope\"><\/i>\t\t\t<\/span>\n\t\t\t\t\t\t\t\t<\/span>\n\t\t\t\t\t<\/a>\n\t\t\t\t<\/div>\n\t\t\t\t\t\t\t\t<\/div>\n\t\t\t\t<\/div>\n\t\t\t\t\t<\/div>\n\t\t<\/div>\n\t\t\t\t\t<\/div>\n\t\t<\/section>\n\t\t\t\t<section class=\"elementor-section elementor-top-section elementor-element elementor-element-2da0389c elementor-section-boxed elementor-section-height-default elementor-section-height-default\" data-id=\"2da0389c\" data-element_type=\"section\" data-e-type=\"section\" data-settings=\"{&quot;background_background&quot;:&quot;classic&quot;}\">\n\t\t\t\t\t\t\t<div class=\"elementor-background-overlay\"><\/div>\n\t\t\t\t\t\t\t<div class=\"elementor-container elementor-column-gap-default\">\n\t\t\t\t\t<div class=\"elementor-column elementor-col-100 elementor-top-column elementor-element elementor-element-736b0883\" data-id=\"736b0883\" data-element_type=\"column\" data-e-type=\"column\">\n\t\t\t<div class=\"elementor-widget-wrap elementor-element-populated\">\n\t\t\t\t\t\t<section class=\"elementor-section elementor-inner-section elementor-element elementor-element-4442cfe8 elementor-reverse-tablet elementor-reverse-mobile elementor-section-boxed elementor-section-height-default elementor-section-height-default\" data-id=\"4442cfe8\" data-element_type=\"section\" data-e-type=\"section\">\n\t\t\t\t\t\t<div class=\"elementor-container elementor-column-gap-default\">\n\t\t\t\t\t<div class=\"elementor-column elementor-col-33 elementor-inner-column elementor-element elementor-element-2b35f7ba elementor-hidden-phone\" data-id=\"2b35f7ba\" data-element_type=\"column\" data-e-type=\"column\">\n\t\t\t<div class=\"elementor-widget-wrap elementor-element-populated\">\n\t\t\t\t\t\t<div class=\"elementor-element elementor-element-48712980 elementor-widget elementor-widget-image\" data-id=\"48712980\" data-element_type=\"widget\" data-e-type=\"widget\" data-settings=\"{&quot;motion_fx_motion_fx_scrolling&quot;:&quot;yes&quot;,&quot;motion_fx_translateY_effect&quot;:&quot;yes&quot;,&quot;motion_fx_translateY_speed&quot;:{&quot;unit&quot;:&quot;px&quot;,&quot;size&quot;:&quot;1&quot;,&quot;sizes&quot;:[]},&quot;motion_fx_translateY_affectedRange&quot;:{&quot;unit&quot;:&quot;%&quot;,&quot;size&quot;:&quot;&quot;,&quot;sizes&quot;:{&quot;start&quot;:0,&quot;end&quot;:100}},&quot;motion_fx_devices&quot;:[&quot;desktop&quot;,&quot;tablet&quot;,&quot;mobile&quot;]}\" data-widget_type=\"image.default\">\n\t\t\t\t<div class=\"elementor-widget-container\">\n\t\t\t\t\t\t\t\t\t\t\t\t\t\t\t<img fetchpriority=\"high\" decoding=\"async\" width=\"768\" height=\"1024\" src=\"https:\/\/aeonmedia.se\/wp-content\/uploads\/2021\/04\/pexels-sora-shimazaki-5668837-768x1024.jpg\" class=\"attachment-medium_large size-medium_large wp-image-189\" alt=\"\" srcset=\"https:\/\/aeonmedia.se\/wp-content\/uploads\/2021\/04\/pexels-sora-shimazaki-5668837-768x1024.jpg 768w, https:\/\/aeonmedia.se\/wp-content\/uploads\/2021\/04\/pexels-sora-shimazaki-5668837-225x300.jpg 225w, https:\/\/aeonmedia.se\/wp-content\/uploads\/2021\/04\/pexels-sora-shimazaki-5668837-1152x1536.jpg 1152w, https:\/\/aeonmedia.se\/wp-content\/uploads\/2021\/04\/pexels-sora-shimazaki-5668837-1536x2048.jpg 1536w, https:\/\/aeonmedia.se\/wp-content\/uploads\/2021\/04\/pexels-sora-shimazaki-5668837.jpg 1920w\" sizes=\"(max-width: 768px) 100vw, 768px\" \/>\t\t\t\t\t\t\t\t\t\t\t\t\t\t\t<\/div>\n\t\t\t\t<\/div>\n\t\t\t\t\t<\/div>\n\t\t<\/div>\n\t\t\t\t<div class=\"elementor-column elementor-col-33 elementor-inner-column elementor-element elementor-element-2b45bbcb\" data-id=\"2b45bbcb\" data-element_type=\"column\" data-e-type=\"column\">\n\t\t\t<div class=\"elementor-widget-wrap elementor-element-populated\">\n\t\t\t\t\t\t<div class=\"elementor-element elementor-element-68bd6937 elementor-widget elementor-widget-text-editor\" data-id=\"68bd6937\" data-element_type=\"widget\" data-e-type=\"widget\" data-widget_type=\"text-editor.default\">\n\t\t\t\t<div class=\"elementor-widget-container\">\n\t\t\t\t\t\t\t\t\t<p>Aeon News \u00e4r ett propriet\u00e4rt WordPress-tema som utvecklats och \u00e4gs av Aeon Media AB. Alla r\u00e4ttigheter f\u00f6rbeh\u00e5llna. R\u00e4tten och licensen att anv\u00e4nda Aeon News WordPress-tema och nyhetsplattform \u00e4r begr\u00e4nsad till<br \/>till en enskild tidningsprodukt och webbdom\u00e4n som har k\u00f6pt och \u00e4ger r\u00e4tten att anv\u00e4nda temat och plattformen. K\u00f6paren \u00e4ger inte r\u00e4tt att s\u00e4lja eller p\u00e5 annat s\u00e4tt distribuera eller \u00f6verl\u00e5ta produkterna, dess kodbas eller struktur, helt eller delvis, till andra parter eller sajter\/tidningsprodukter.<\/p>\t\t\t\t\t\t\t\t<\/div>\n\t\t\t\t<\/div>\n\t\t\t\t<div class=\"elementor-element elementor-element-97f3b6d elementor-hidden-desktop elementor-hidden-tablet elementor-widget elementor-widget-text-editor\" data-id=\"97f3b6d\" data-element_type=\"widget\" data-e-type=\"widget\" data-widget_type=\"text-editor.default\">\n\t\t\t\t<div class=\"elementor-widget-container\">\n\t\t\t\t\t\t\t\t\t<p>Vi reserverar oss f\u00f6r felskrivningar.<\/p><p>\u00a0<\/p><p><em>Senast uppdaterat 2021-11-30<\/em><\/p>\t\t\t\t\t\t\t\t<\/div>\n\t\t\t\t<\/div>\n\t\t\t\t\t<\/div>\n\t\t<\/div>\n\t\t\t\t<div class=\"elementor-column elementor-col-33 elementor-inner-column elementor-element elementor-element-36895ac5\" data-id=\"36895ac5\" data-element_type=\"column\" data-e-type=\"column\">\n\t\t\t<div class=\"elementor-widget-wrap elementor-element-populated\">\n\t\t\t\t\t\t<div class=\"elementor-element elementor-element-5ff7972f elementor-widget elementor-widget-text-editor\" data-id=\"5ff7972f\" data-element_type=\"widget\" data-e-type=\"widget\" data-widget_type=\"text-editor.default\">\n\t\t\t\t<div class=\"elementor-widget-container\">\n\t\t\t\t\t\t\t\t\t<p>Vi reserverar oss f\u00f6r felskrivningar.<\/p><p><em>Senast uppdaterat 2023-12-15<\/em><\/p>\t\t\t\t\t\t\t\t<\/div>\n\t\t\t\t<\/div>\n\t\t\t\t<div class=\"elementor-element elementor-element-b3d7973 elementor-widget elementor-widget-menu-anchor\" data-id=\"b3d7973\" data-element_type=\"widget\" data-e-type=\"widget\" data-widget_type=\"menu-anchor.default\">\n\t\t\t\t<div class=\"elementor-widget-container\">\n\t\t\t\t\t\t\t<div class=\"elementor-menu-anchor\" id=\"terms-of-sale\"><\/div>\n\t\t\t\t\t\t<\/div>\n\t\t\t\t<\/div>\n\t\t\t\t\t<\/div>\n\t\t<\/div>\n\t\t\t\t\t<\/div>\n\t\t<\/section>\n\t\t\t\t\t<\/div>\n\t\t<\/div>\n\t\t\t\t\t<\/div>\n\t\t<\/section>\n\t\t\t\t<section class=\"elementor-section elementor-top-section elementor-element elementor-element-f4e0e7a elementor-section-boxed elementor-section-height-default elementor-section-height-default\" data-id=\"f4e0e7a\" data-element_type=\"section\" data-e-type=\"section\">\n\t\t\t\t\t\t<div class=\"elementor-container elementor-column-gap-default\">\n\t\t\t\t\t<div class=\"elementor-column elementor-col-100 elementor-top-column elementor-element elementor-element-4334b1c\" data-id=\"4334b1c\" data-element_type=\"column\" data-e-type=\"column\">\n\t\t\t<div class=\"elementor-widget-wrap elementor-element-populated\">\n\t\t\t\t\t\t<div class=\"elementor-element elementor-element-6a95fe4 elementor-widget-divider--view-line elementor-widget elementor-widget-divider\" data-id=\"6a95fe4\" data-element_type=\"widget\" data-e-type=\"widget\" data-widget_type=\"divider.default\">\n\t\t\t\t<div class=\"elementor-widget-container\">\n\t\t\t\t\t\t\t<div class=\"elementor-divider\">\n\t\t\t<span class=\"elementor-divider-separator\">\n\t\t\t\t\t\t<\/span>\n\t\t<\/div>\n\t\t\t\t\t\t<\/div>\n\t\t\t\t<\/div>\n\t\t\t\t<div class=\"elementor-element elementor-element-7ef453f elementor-widget elementor-widget-heading\" data-id=\"7ef453f\" data-element_type=\"widget\" data-e-type=\"widget\" data-widget_type=\"heading.default\">\n\t\t\t\t<div class=\"elementor-widget-container\">\n\t\t\t\t\t<h2 class=\"elementor-heading-title elementor-size-default\">License agreement<\/h2>\t\t\t\t<\/div>\n\t\t\t\t<\/div>\n\t\t\t\t<div class=\"elementor-element elementor-element-6e63bff elementor-widget elementor-widget-text-editor\" data-id=\"6e63bff\" data-element_type=\"widget\" data-e-type=\"widget\" data-widget_type=\"text-editor.default\">\n\t\t\t\t<div class=\"elementor-widget-container\">\n\t\t\t\t\t\t\t\t\t<p>The following license applies to the purchase or use of our products.<\/p>\t\t\t\t\t\t\t\t<\/div>\n\t\t\t\t<\/div>\n\t\t\t\t\t<\/div>\n\t\t<\/div>\n\t\t\t\t\t<\/div>\n\t\t<\/section>\n\t\t\t\t<section class=\"elementor-section elementor-top-section elementor-element elementor-element-c2e4dbf elementor-section-boxed elementor-section-height-default elementor-section-height-default\" data-id=\"c2e4dbf\" data-element_type=\"section\" data-e-type=\"section\" data-settings=\"{&quot;background_background&quot;:&quot;classic&quot;}\">\n\t\t\t\t\t\t\t<div class=\"elementor-background-overlay\"><\/div>\n\t\t\t\t\t\t\t<div class=\"elementor-container elementor-column-gap-default\">\n\t\t\t\t\t<div class=\"elementor-column elementor-col-100 elementor-top-column elementor-element elementor-element-13fc2a5\" data-id=\"13fc2a5\" data-element_type=\"column\" data-e-type=\"column\">\n\t\t\t<div class=\"elementor-widget-wrap elementor-element-populated\">\n\t\t\t\t\t\t<section class=\"elementor-section elementor-inner-section elementor-element elementor-element-47875d4 elementor-reverse-tablet elementor-reverse-mobile elementor-section-boxed elementor-section-height-default elementor-section-height-default\" data-id=\"47875d4\" data-element_type=\"section\" data-e-type=\"section\">\n\t\t\t\t\t\t<div class=\"elementor-container elementor-column-gap-default\">\n\t\t\t\t\t<div class=\"elementor-column elementor-col-33 elementor-inner-column elementor-element elementor-element-480f99f\" data-id=\"480f99f\" data-element_type=\"column\" data-e-type=\"column\">\n\t\t\t<div class=\"elementor-widget-wrap elementor-element-populated\">\n\t\t\t\t\t\t<div class=\"elementor-element elementor-element-1319c5c elementor-widget elementor-widget-text-editor\" data-id=\"1319c5c\" data-element_type=\"widget\" data-e-type=\"widget\" data-widget_type=\"text-editor.default\">\n\t\t\t\t<div class=\"elementor-widget-container\">\n\t\t\t\t\t\t\t\t\t<p>Aeon News is a proprietary WordPress theme developed and owned by Aeon Media AB. All rights reserved. The right and license to use the Aeon News WordPress theme and news platform is limited to<br \/>to an single newspaper product and web domain that has purchased and owns the right to use the theme and the platform. The buyer is not entitled to sell or otherwise distribute or pass on the products, its code base or structure, in whole or in part, to other parties or sites\/newspaper products.<\/p>\t\t\t\t\t\t\t\t<\/div>\n\t\t\t\t<\/div>\n\t\t\t\t<div class=\"elementor-element elementor-element-d00be85 elementor-hidden-desktop elementor-hidden-tablet elementor-widget elementor-widget-text-editor\" data-id=\"d00be85\" data-element_type=\"widget\" data-e-type=\"widget\" data-widget_type=\"text-editor.default\">\n\t\t\t\t<div class=\"elementor-widget-container\">\n\t\t\t\t\t\t\t\t\t<p>We reserve the right to make typos.<\/p><p>\u00a0<\/p><p><em>Last updated 2021-11-30<\/em><\/p>\t\t\t\t\t\t\t\t<\/div>\n\t\t\t\t<\/div>\n\t\t\t\t\t<\/div>\n\t\t<\/div>\n\t\t\t\t<div class=\"elementor-column elementor-col-33 elementor-inner-column elementor-element elementor-element-b6f4b5b\" data-id=\"b6f4b5b\" data-element_type=\"column\" data-e-type=\"column\">\n\t\t\t<div class=\"elementor-widget-wrap elementor-element-populated\">\n\t\t\t\t\t\t<div class=\"elementor-element elementor-element-3d4cb52 elementor-widget elementor-widget-text-editor\" data-id=\"3d4cb52\" data-element_type=\"widget\" data-e-type=\"widget\" data-widget_type=\"text-editor.default\">\n\t\t\t\t<div class=\"elementor-widget-container\">\n\t\t\t\t\t\t\t\t\t<p>We reserve the right to make typos.<\/p><p><em>Last updated 2023-12-15<\/em><\/p>\t\t\t\t\t\t\t\t<\/div>\n\t\t\t\t<\/div>\n\t\t\t\t\t<\/div>\n\t\t<\/div>\n\t\t\t\t<div class=\"elementor-column elementor-col-33 elementor-inner-column elementor-element elementor-element-1a20264 elementor-hidden-phone\" data-id=\"1a20264\" data-element_type=\"column\" data-e-type=\"column\">\n\t\t\t<div class=\"elementor-widget-wrap elementor-element-populated\">\n\t\t\t\t\t\t<div class=\"elementor-element elementor-element-365165f elementor-widget elementor-widget-image\" data-id=\"365165f\" data-element_type=\"widget\" data-e-type=\"widget\" data-settings=\"{&quot;motion_fx_motion_fx_scrolling&quot;:&quot;yes&quot;,&quot;motion_fx_translateY_effect&quot;:&quot;yes&quot;,&quot;motion_fx_translateY_speed&quot;:{&quot;unit&quot;:&quot;px&quot;,&quot;size&quot;:&quot;1&quot;,&quot;sizes&quot;:[]},&quot;motion_fx_translateY_affectedRange&quot;:{&quot;unit&quot;:&quot;%&quot;,&quot;size&quot;:&quot;&quot;,&quot;sizes&quot;:{&quot;start&quot;:0,&quot;end&quot;:100}},&quot;motion_fx_devices&quot;:[&quot;desktop&quot;,&quot;tablet&quot;,&quot;mobile&quot;]}\" data-widget_type=\"image.default\">\n\t\t\t\t<div class=\"elementor-widget-container\">\n\t\t\t\t\t\t\t\t\t\t\t\t\t\t\t<img decoding=\"async\" width=\"768\" height=\"576\" src=\"https:\/\/aeonmedia.se\/wp-content\/uploads\/2021\/04\/pexels-pixabay-261621-768x576.jpg\" class=\"attachment-medium_large size-medium_large wp-image-188\" alt=\"\" srcset=\"https:\/\/aeonmedia.se\/wp-content\/uploads\/2021\/04\/pexels-pixabay-261621-768x576.jpg 768w, https:\/\/aeonmedia.se\/wp-content\/uploads\/2021\/04\/pexels-pixabay-261621-300x225.jpg 300w, https:\/\/aeonmedia.se\/wp-content\/uploads\/2021\/04\/pexels-pixabay-261621-1024x768.jpg 1024w, https:\/\/aeonmedia.se\/wp-content\/uploads\/2021\/04\/pexels-pixabay-261621-1536x1152.jpg 1536w, https:\/\/aeonmedia.se\/wp-content\/uploads\/2021\/04\/pexels-pixabay-261621.jpg 1920w\" sizes=\"(max-width: 768px) 100vw, 768px\" \/>\t\t\t\t\t\t\t\t\t\t\t\t\t\t\t<\/div>\n\t\t\t\t<\/div>\n\t\t\t\t\t<\/div>\n\t\t<\/div>\n\t\t\t\t\t<\/div>\n\t\t<\/section>\n\t\t\t\t\t<\/div>\n\t\t<\/div>\n\t\t\t\t\t<\/div>\n\t\t<\/section>\n\t\t\t\t<\/div>\n\t\t","protected":false},"excerpt":{"rendered":"<p>Licens Nedan licens som g\u00e4ller vid k\u00f6p eller nyttjande av v\u00e5ra produkter. Aeon News \u00e4r ett propriet\u00e4rt WordPress-tema som utvecklats och \u00e4gs av Aeon Media AB. Alla r\u00e4ttigheter f\u00f6rbeh\u00e5llna. R\u00e4tten och licensen att anv\u00e4nda Aeon News WordPress-tema och nyhetsplattform \u00e4r begr\u00e4nsad tilltill en enskild tidningsprodukt och webbdom\u00e4n som har k\u00f6pt och \u00e4ger r\u00e4tten att anv\u00e4nda [&hellip;]<\/p>\n","protected":false},"author":1,"featured_media":0,"parent":501,"menu_order":0,"comment_status":"closed","ping_status":"closed","template":"elementor_header_footer","meta":{"footnotes":""},"class_list":["post-615","page","type-page","status-publish","hentry"],"_links":{"self":[{"href":"https:\/\/aeonmedia.se\/en\/wp-json\/wp\/v2\/pages\/615","targetHints":{"allow":["GET"]}}],"collection":[{"href":"https:\/\/aeonmedia.se\/en\/wp-json\/wp\/v2\/pages"}],"about":[{"href":"https:\/\/aeonmedia.se\/en\/wp-json\/wp\/v2\/types\/page"}],"author":[{"embeddable":true,"href":"https:\/\/aeonmedia.se\/en\/wp-json\/wp\/v2\/users\/1"}],"replies":[{"embeddable":true,"href":"https:\/\/aeonmedia.se\/en\/wp-json\/wp\/v2\/comments?post=615"}],"version-history":[{"count":4,"href":"https:\/\/aeonmedia.se\/en\/wp-json\/wp\/v2\/pages\/615\/revisions"}],"predecessor-version":[{"id":619,"href":"https:\/\/aeonmedia.se\/en\/wp-json\/wp\/v2\/pages\/615\/revisions\/619"}],"up":[{"embeddable":true,"href":"https:\/\/aeonmedia.se\/en\/wp-json\/wp\/v2\/pages\/501"}],"wp:attachment":[{"href":"https:\/\/aeonmedia.se\/en\/wp-json\/wp\/v2\/media?parent=615"}],"curies":[{"name":"wp","href":"https:\/\/api.w.org\/{rel}","templated":true}]}}